{"id":242,"date":"2025-07-05T22:45:38","date_gmt":"2025-07-05T20:45:38","guid":{"rendered":"https:\/\/grauwodzenia.pl\/?page_id=242"},"modified":"2025-12-16T19:50:13","modified_gmt":"2025-12-16T18:50:13","slug":"kategorie","status":"publish","type":"page","link":"https:\/\/grauwodzenia.pl\/index.php\/kategorie\/","title":{"rendered":"Kategorie"},"content":{"rendered":"\n<h2 class=\"wp-block-heading\">Podstawy zdrowej relacji<\/h2>\n\n\n\n<p><a href=\"https:\/\/grauwodzenia.pl\/index.php\/2025\/06\/15\/witaj-swiecie\/\">Dlaczego ten blog powsta\u0142 i dlaczego zmieni Twoje relacje<\/a><br><a href=\"https:\/\/grauwodzenia.pl\/index.php\/2025\/06\/30\/milosc-to-strategia-zaczynamy-gre\/\">Mi\u0142o\u015b\u0107 to strategia. Zaczynamy gr\u0119<\/a><br><a href=\"https:\/\/grauwodzenia.pl\/index.php\/2025\/07\/10\/postawa-1\/\">Postawa 1: Styl, kt\u00f3ry daje przewag\u0119. O sile skupienia na sobie<\/a><br><a href=\"https:\/\/grauwodzenia.pl\/index.php\/2025\/07\/13\/4-postawa-2-cieplo-jest-waluta-wplywu-naucz-sie-nim-zarzadzac\/\">Postawa 2: Ciep\u0142o jest walut\u0105 wp\u0142ywu. Naucz si\u0119 nim zarz\u0105dza\u0107<\/a><br><a href=\"http:\/\/5. Postawa 3: Oczekiwania \u2013 najwi\u0119kszy wr\u00f3g mi\u0142o\u015bci\">Postawa 3: Oczekiwania \u2013 najwi\u0119kszy wr\u00f3g mi\u0142o\u015bci<\/a><\/p>\n\n\n\n<h2 class=\"wp-block-heading\">Zdob\u0105d\u017amy go!<\/h2>\n\n\n\n<p><a href=\"https:\/\/grauwodzenia.pl\/index.php\/2025\/12\/15\/zdobadzmy-go-1-pierwszy-kontakt\/\">1 Pierwszy kontakt<\/a><\/p>\n\n\n\n<h2 class=\"wp-block-heading\">Sta\u0142y zwi\u0105zek<\/h2>\n\n\n\n<p><\/p>\n\n\n\n<ol class=\"wp-block-list\"><\/ol>\n\n\n\n<ol class=\"wp-block-list\"><\/ol>\n\n\n\n<h2 class=\"wp-block-heading\">Zdrada, l\u0119k i odbudowa<\/h2>\n\n\n\n<p><\/p>\n","protected":false},"excerpt":{"rendered":"<p>Podstawy zdrowej relacji Dlaczego ten blog powsta\u0142 i dlaczego zmieni Twoje relacjeMi\u0142o\u015b\u0107 to strategia. Zaczynamy gr\u0119Postawa 1: Styl, kt\u00f3ry daje przewag\u0119. O sile skupienia na sobiePostawa 2: Ciep\u0142o jest walut\u0105 wp\u0142ywu. Naucz si\u0119 nim zarz\u0105dza\u0107Postawa 3: Oczekiwania \u2013 najwi\u0119kszy wr\u00f3g mi\u0142o\u015bci Zdob\u0105d\u017amy go! 1 Pierwszy kontakt Sta\u0142y zwi\u0105zek Zdrada, l\u0119k i odbudowa<\/p>\n","protected":false},"author":1,"featured_media":0,"parent":0,"menu_order":0,"comment_status":"closed","ping_status":"closed","template":"","meta":{"footnotes":""},"class_list":["post-242","page","type-page","status-publish","hentry"],"_links":{"self":[{"href":"https:\/\/grauwodzenia.pl\/index.php\/wp-json\/wp\/v2\/pages\/242","targetHints":{"allow":["GET"]}}],"collection":[{"href":"https:\/\/grauwodzenia.pl\/index.php\/wp-json\/wp\/v2\/pages"}],"about":[{"href":"https:\/\/grauwodzenia.pl\/index.php\/wp-json\/wp\/v2\/types\/page"}],"author":[{"embeddable":true,"href":"https:\/\/grauwodzenia.pl\/index.php\/wp-json\/wp\/v2\/users\/1"}],"replies":[{"embeddable":true,"href":"https:\/\/grauwodzenia.pl\/index.php\/wp-json\/wp\/v2\/comments?post=242"}],"version-history":[{"count":42,"href":"https:\/\/grauwodzenia.pl\/index.php\/wp-json\/wp\/v2\/pages\/242\/revisions"}],"predecessor-version":[{"id":461,"href":"https:\/\/grauwodzenia.pl\/index.php\/wp-json\/wp\/v2\/pages\/242\/revisions\/461"}],"wp:attachment":[{"href":"https:\/\/grauwodzenia.pl\/index.php\/wp-json\/wp\/v2\/media?parent=242"}],"curies":[{"name":"wp","href":"https:\/\/api.w.org\/{rel}","templated":true}]}}