{"id":213,"date":"2025-07-01T19:06:42","date_gmt":"2025-07-01T17:06:42","guid":{"rendered":"https:\/\/grauwodzenia.pl\/?page_id=213"},"modified":"2025-07-06T13:08:49","modified_gmt":"2025-07-06T11:08:49","slug":"dzkiekujemy","status":"publish","type":"page","link":"https:\/\/grauwodzenia.pl\/index.php\/dzkiekujemy\/","title":{"rendered":"Dzi\u0119kujemy!"},"content":{"rendered":"\n<p class=\"has-black-color has-text-color has-link-color wp-elements-72c88609cc596cd816b6e6b47256b27e\">Dzi\u0119kujemy za do\u0142\u0105czenie do naszej spo\u0142eczno\u015bci!<br>Sprawd\u017a swoj\u0105 skrzynk\u0119 mailow\u0105 \u2013 wys\u0142a\u0142y\u015bmy Ci wa\u017cn\u0105 wiadomo\u015b\u0107.<\/p>\n","protected":false},"excerpt":{"rendered":"<p>Dzi\u0119kujemy za do\u0142\u0105czenie do naszej spo\u0142eczno\u015bci!Sprawd\u017a swoj\u0105 skrzynk\u0119 mailow\u0105 \u2013 wys\u0142a\u0142y\u015bmy Ci wa\u017cn\u0105 wiadomo\u015b\u0107.<\/p>\n","protected":false},"author":1,"featured_media":0,"parent":0,"menu_order":0,"comment_status":"closed","ping_status":"closed","template":"","meta":{"footnotes":""},"class_list":["post-213","page","type-page","status-publish","hentry"],"_links":{"self":[{"href":"https:\/\/grauwodzenia.pl\/index.php\/wp-json\/wp\/v2\/pages\/213","targetHints":{"allow":["GET"]}}],"collection":[{"href":"https:\/\/grauwodzenia.pl\/index.php\/wp-json\/wp\/v2\/pages"}],"about":[{"href":"https:\/\/grauwodzenia.pl\/index.php\/wp-json\/wp\/v2\/types\/page"}],"author":[{"embeddable":true,"href":"https:\/\/grauwodzenia.pl\/index.php\/wp-json\/wp\/v2\/users\/1"}],"replies":[{"embeddable":true,"href":"https:\/\/grauwodzenia.pl\/index.php\/wp-json\/wp\/v2\/comments?post=213"}],"version-history":[{"count":3,"href":"https:\/\/grauwodzenia.pl\/index.php\/wp-json\/wp\/v2\/pages\/213\/revisions"}],"predecessor-version":[{"id":258,"href":"https:\/\/grauwodzenia.pl\/index.php\/wp-json\/wp\/v2\/pages\/213\/revisions\/258"}],"wp:attachment":[{"href":"https:\/\/grauwodzenia.pl\/index.php\/wp-json\/wp\/v2\/media?parent=213"}],"curies":[{"name":"wp","href":"https:\/\/api.w.org\/{rel}","templated":true}]}}